{"id":5773,"date":"2026-02-25T07:58:02","date_gmt":"2026-02-25T07:58:02","guid":{"rendered":"https:\/\/limoonhome.com\/?page_id=5773"},"modified":"2026-02-25T08:02:04","modified_gmt":"2026-02-25T08:02:04","slug":"teslimat-kurulum","status":"publish","type":"page","link":"https:\/\/limoonhome.com\/index.php\/teslimat-kurulum\/","title":{"rendered":"Teslimat &#038; Kurulum"},"content":{"rendered":"<div class=\"wpb-content-wrapper\"><p>[vc_row][vc_column width=&#8221;1\/2&#8243;]\t\t<div id=\"wd-699eabb17a8b8\" class=\"wd-image wd-wpb wd-rs-699eabb17a8b8 text-left \">\n\t\t\t\n\t\t\t<img loading=\"lazy\" decoding=\"async\" width=\"1024\" height=\"1024\" src=\"https:\/\/limoonhome.com\/wp-content\/uploads\/2026\/02\/1.jpg\" class=\"attachment-full size-full\" alt=\"\" srcset=\"https:\/\/limoonhome.com\/wp-content\/uploads\/2026\/02\/1.jpg 1024w, https:\/\/limoonhome.com\/wp-content\/uploads\/2026\/02\/1-300x300.jpg 300w, https:\/\/limoonhome.com\/wp-content\/uploads\/2026\/02\/1-150x150.jpg 150w, https:\/\/limoonhome.com\/wp-content\/uploads\/2026\/02\/1-768x768.jpg 768w, https:\/\/limoonhome.com\/wp-content\/uploads\/2026\/02\/1-600x600.jpg 600w\" sizes=\"auto, (max-width: 1024px) 100vw, 1024px\" \/>\n\t\t\t\t\t<\/div>\n\t\t[\/vc_column][vc_column width=&#8221;1\/2&#8243;]\n\t\t<div id=\"wd-699eac568b03b\" class=\"title-wrapper wd-wpb set-mb-s reset-last-child  wd-rs-699eac568b03b wd-title-color-default wd-title-style-default text-center  wd-underline-colored\">\n\t\t\t\n\t\t\t<div class=\"liner-continer\">\n\t\t\t\t<h4 class=\"woodmart-title-container title  wd-font-weight- wd-fontsize-l\" >Nakliye ve Teslimat S\u00fcreci<\/h4>\n\t\t\t\t\t\t\t<\/div>\n\t\t\t\n\t\t\t\t\t\t\t<div class=\"title-after_title  set-cont-mb-s reset-last-child  wd-fontsize-xs\">Limoon Home, ma\u011fazam\u0131z\u0131n fiziksel olarak bulunmad\u0131\u011f\u0131 b\u00f6lgelerdeki m\u00fc\u015fterilerimizin sipari\u015flerini g\u00fcvenli ve sorunsuz bir \u015fekilde ula\u015ft\u0131rabilmek i\u00e7in alan\u0131nda uzman lojistik firmalar\u0131 ile \u00e7al\u0131\u015fmaktad\u0131r. T\u00fcrkiye\u2019nin d\u00f6rt bir yan\u0131na nakliye ve teslimat hizmeti sunarak, \u00fcr\u00fcnlerimizi g\u00fcvenli ambalajlama sistemleri ile adresinize kadar ula\u015ft\u0131r\u0131yoruz.<\/p>\n<p>\u00dcr\u00fcnlerimiz, \u00fcretim a\u015famas\u0131ndan itibaren titizlikle kontrol edilmekte ve sevkiyat \u00f6ncesinde koruyucu ambalaj malzemeleri ile \u00f6zenle paketlenmektedir. Ta\u015f\u0131ma s\u0131ras\u0131nda olu\u015fabilecek darbe, \u00e7izilme ve deformasyon risklerini minimuma indirmek i\u00e7in her detay d\u00fc\u015f\u00fcn\u00fclmektedir.<\/p>\n<p>Teslimat s\u00fcreci, sipari\u015f yo\u011funlu\u011fu ve bulundu\u011funuz b\u00f6lgeye g\u00f6re planlan\u0131r ve taraf\u0131n\u0131za \u00f6nceden bilgilendirme yap\u0131l\u0131r. Amac\u0131m\u0131z, sipari\u015finizin hem g\u00fcvenli hem de zaman\u0131nda elinize ula\u015fmas\u0131n\u0131 sa\u011flamakt\u0131r.<\/div>\n\t\t\t\n\t\t\t\n\t\t<\/div>\n\t\t\n\t\t[\/vc_column][\/vc_row][vc_row][vc_column width=&#8221;1\/2&#8243;]\n\t\t<div id=\"wd-699eac648bd42\" class=\"title-wrapper wd-wpb set-mb-s reset-last-child  wd-rs-699eac648bd42 wd-title-color-default wd-title-style-default text-center  wd-underline-colored\">\n\t\t\t\n\t\t\t<div class=\"liner-continer\">\n\t\t\t\t<h4 class=\"woodmart-title-container title  wd-font-weight- wd-fontsize-l\" >Kurulum ve Montaj Hizmeti<\/h4>\n\t\t\t\t\t\t\t<\/div>\n\t\t\t\n\t\t\t\t\t\t\t<div class=\"title-after_title  set-cont-mb-s reset-last-child  wd-fontsize-xs\">Limoon Home olarak sadece \u00fcr\u00fcn teslim etmekle kalm\u0131yor, ayn\u0131 zamanda profesyonel montaj deste\u011fi de sunuyoruz. Uzman montaj ekibimiz, \u00fcr\u00fcnlerinizin do\u011fru ve g\u00fcvenli \u015fekilde kurulmas\u0131n\u0131 sa\u011flar.<\/p>\n<p>T\u00fcrkiye genelinde sundu\u011fumuz montaj hizmeti sayesinde, sat\u0131n ald\u0131\u011f\u0131n\u0131z mobilyalar\u0131n t\u00fcm par\u00e7alar\u0131 eksiksiz ve sa\u011flam \u015fekilde monte edilir. Kurulum s\u0131ras\u0131nda alan \u00f6l\u00e7\u00fcleri, denge kontrol\u00fc ve kullan\u0131m g\u00fcvenli\u011fi dikkate al\u0131n\u0131r.<\/p>\n<p>B\u00f6ylece hem estetik hem de uzun \u00f6m\u00fcrl\u00fc bir kullan\u0131m deneyimi sa\u011flan\u0131r. Kurulum sonras\u0131nda \u00fcr\u00fcn\u00fcn kullan\u0131m\u0131 hakk\u0131nda gerekli bilgilendirme yap\u0131l\u0131r ve t\u00fcm s\u00fcre\u00e7 m\u00fc\u015fteri memnuniyeti odakl\u0131 y\u00fcr\u00fct\u00fcl\u00fcr.<\/div>\n\t\t\t\n\t\t\t\n\t\t<\/div>\n\t\t\n\t\t[\/vc_column][vc_column width=&#8221;1\/2&#8243;]\t\t<div id=\"wd-699eabbdb4227\" class=\"wd-image wd-wpb wd-rs-699eabbdb4227 text-left \">\n\t\t\t\n\t\t\t<img loading=\"lazy\" decoding=\"async\" width=\"1024\" height=\"1024\" src=\"https:\/\/limoonhome.com\/wp-content\/uploads\/2026\/02\/2.jpg\" class=\"attachment-full size-full\" alt=\"\" srcset=\"https:\/\/limoonhome.com\/wp-content\/uploads\/2026\/02\/2.jpg 1024w, https:\/\/limoonhome.com\/wp-content\/uploads\/2026\/02\/2-300x300.jpg 300w, https:\/\/limoonhome.com\/wp-content\/uploads\/2026\/02\/2-150x150.jpg 150w, https:\/\/limoonhome.com\/wp-content\/uploads\/2026\/02\/2-768x768.jpg 768w, https:\/\/limoonhome.com\/wp-content\/uploads\/2026\/02\/2-600x600.jpg 600w\" sizes=\"auto, (max-width: 1024px) 100vw, 1024px\" \/>\n\t\t\t\t\t<\/div>\n\t\t[\/vc_column][\/vc_row][vc_row][vc_column width=&#8221;1\/2&#8243;]\t\t<div id=\"wd-699eabc46e47e\" class=\"wd-image wd-wpb wd-rs-699eabc46e47e text-left \">\n\t\t\t\n\t\t\t<img loading=\"lazy\" decoding=\"async\" width=\"1024\" height=\"1024\" src=\"https:\/\/limoonhome.com\/wp-content\/uploads\/2026\/02\/3.jpg\" class=\"attachment-full size-full\" alt=\"\" srcset=\"https:\/\/limoonhome.com\/wp-content\/uploads\/2026\/02\/3.jpg 1024w, https:\/\/limoonhome.com\/wp-content\/uploads\/2026\/02\/3-300x300.jpg 300w, https:\/\/limoonhome.com\/wp-content\/uploads\/2026\/02\/3-150x150.jpg 150w, https:\/\/limoonhome.com\/wp-content\/uploads\/2026\/02\/3-768x768.jpg 768w, https:\/\/limoonhome.com\/wp-content\/uploads\/2026\/02\/3-600x600.jpg 600w\" sizes=\"auto, (max-width: 1024px) 100vw, 1024px\" \/>\n\t\t\t\t\t<\/div>\n\t\t[\/vc_column][vc_column width=&#8221;1\/2&#8243;]\n\t\t<div id=\"wd-699eac71209c6\" class=\"title-wrapper wd-wpb set-mb-s reset-last-child  wd-rs-699eac71209c6 wd-title-color-default wd-title-style-default text-center  wd-underline-colored\">\n\t\t\t\n\t\t\t<div class=\"liner-continer\">\n\t\t\t\t<h4 class=\"woodmart-title-container title  wd-font-weight- wd-fontsize-l\" >Sat\u0131\u015f Sonras\u0131 Destek ve M\u00fc\u015fteri Memnuniyeti<\/h4>\n\t\t\t\t\t\t\t<\/div>\n\t\t\t\n\t\t\t\t\t\t\t<div class=\"title-after_title  set-cont-mb-s reset-last-child  wd-fontsize-xs\">Limoon Home i\u00e7in en \u00f6nemli konu m\u00fc\u015fteri memnuniyetidir. Sat\u0131\u015f sonras\u0131 destek s\u00fcre\u00e7lerimizde, her t\u00fcrl\u00fc soru ve talebiniz i\u00e7in yan\u0131n\u0131zday\u0131z. \u00dcretim, ta\u015f\u0131ma veya teslimat s\u00fcre\u00e7lerinde kontrol\u00fcm\u00fcz d\u0131\u015f\u0131nda geli\u015febilecek beklenmeyen durumlarda, \u00e7\u00f6z\u00fcm odakl\u0131 yakla\u015f\u0131m\u0131m\u0131z ile s\u00fcreci en h\u0131zl\u0131 \u015fekilde telafi etmeyi hedefliyoruz.<\/p>\n<p>Olas\u0131 gecikmeler veya aksakl\u0131klar konusunda siz de\u011ferli m\u00fc\u015fterilerimizin anlay\u0131\u015f\u0131na te\u015fekk\u00fcr eder; \u00fcr\u00fcnlerimizi uzun y\u0131llar keyifle ve g\u00fcvenle kullanman\u0131z\u0131 dileriz.<\/p>\n<p>Evlerinize de\u011fer katacak tasar\u0131mlar\u0131 sizlerle bulu\u015fturman\u0131n mutlulu\u011funu ya\u015f\u0131yor, Limoon Home ailesi olarak her zaman yan\u0131n\u0131zda oldu\u011fumuzu bilmenizi istiyoruz.<\/div>\n\t\t\t\n\t\t\t\n\t\t<\/div>\n\t\t\n\t\t[\/vc_column][\/vc_row]<\/p>\n<\/div>","protected":false},"excerpt":{"rendered":"<p>[vc_row][vc_column width=&#8221;1\/2&#8243;][\/vc_column][vc_column width=&#8221;1\/2&#8243;][\/vc_column][\/vc_row][vc_row][vc_column width=&#8221;1\/2&#8243;][\/vc_column][vc_column width=&#8221;1\/2&#8243;][\/vc_column][\/vc_row][vc_row][vc_column width=&#8221;1\/2&#8243;][\/vc_column][vc_column width=&#8221;1\/2&#8243;][\/vc_column][\/vc_row]<\/p>\n","protected":false},"author":1,"featured_media":0,"parent":0,"menu_order":0,"comment_status":"closed","ping_status":"closed","template":"","meta":{"footnotes":""},"class_list":["post-5773","page","type-page","status-publish","hentry"],"_links":{"self":[{"href":"https:\/\/limoonhome.com\/index.php\/wp-json\/wp\/v2\/pages\/5773","targetHints":{"allow":["GET"]}}],"collection":[{"href":"https:\/\/limoonhome.com\/index.php\/wp-json\/wp\/v2\/pages"}],"about":[{"href":"https:\/\/limoonhome.com\/index.php\/wp-json\/wp\/v2\/types\/page"}],"author":[{"embeddable":true,"href":"https:\/\/limoonhome.com\/index.php\/wp-json\/wp\/v2\/users\/1"}],"replies":[{"embeddable":true,"href":"https:\/\/limoonhome.com\/index.php\/wp-json\/wp\/v2\/comments?post=5773"}],"version-history":[{"count":5,"href":"https:\/\/limoonhome.com\/index.php\/wp-json\/wp\/v2\/pages\/5773\/revisions"}],"predecessor-version":[{"id":5781,"href":"https:\/\/limoonhome.com\/index.php\/wp-json\/wp\/v2\/pages\/5773\/revisions\/5781"}],"wp:attachment":[{"href":"https:\/\/limoonhome.com\/index.php\/wp-json\/wp\/v2\/media?parent=5773"}],"curies":[{"name":"wp","href":"https:\/\/api.w.org\/{rel}","templated":true}]}}