{"id":5817,"date":"2026-02-28T12:21:23","date_gmt":"2026-02-28T12:21:23","guid":{"rendered":"https:\/\/limoonhome.com\/?page_id=5817"},"modified":"2026-02-28T12:26:54","modified_gmt":"2026-02-28T12:26:54","slug":"kategoriler","status":"publish","type":"page","link":"https:\/\/limoonhome.com\/index.php\/kategoriler\/","title":{"rendered":"Kategoriler"},"content":{"rendered":"<div class=\"wpb-content-wrapper\"><p>[vc_row][vc_column][vc_btn title=&#8221;Koltuk Tak\u0131m\u0131&#8221; style=&#8221;outline-custom&#8221; align=&#8221;center&#8221; i_icon_fontawesome=&#8221;fa fa-solid fa-couch&#8221; css=&#8221;&#8221; button_block=&#8221;true&#8221; add_icon=&#8221;true&#8221; link=&#8221;url:https%3A%2F%2Flimoonhome.com%2Findex.php%2Furun-kategori%2Fkoltuk-takimi%2F&#8221;][\/vc_column][\/vc_row][vc_row][vc_column][vc_btn title=&#8221;Yatak Odas\u0131 tak\u0131mlar\u0131&#8221; style=&#8221;outline-custom&#8221; align=&#8221;center&#8221; i_icon_fontawesome=&#8221;fa fa-solid fa-bed&#8221; css=&#8221;&#8221; button_block=&#8221;true&#8221; add_icon=&#8221;true&#8221; link=&#8221;url:https%3A%2F%2Flimoonhome.com%2Findex.php%2Furun-kategori%2Fyatak-odasi-takimlari%2F&#8221;][\/vc_column][\/vc_row][vc_row][vc_column][vc_btn title=&#8221;Yemek Odas\u0131 Tak\u0131mlar\u0131&#8221; style=&#8221;outline-custom&#8221; align=&#8221;center&#8221; i_icon_fontawesome=&#8221;fa fa-solid fa-utensils&#8221; css=&#8221;&#8221; button_block=&#8221;true&#8221; add_icon=&#8221;true&#8221; link=&#8221;url:https%3A%2F%2Flimoonhome.com%2Findex.php%2Furun-kategori%2Fyemek-odasi-takimi%2F&#8221;][\/vc_column][\/vc_row][vc_row][vc_column][vc_btn title=&#8221;TV \u00dcniteler&#8221; style=&#8221;outline-custom&#8221; align=&#8221;center&#8221; i_icon_fontawesome=&#8221;fa fa-solid fa-tv&#8221; css=&#8221;&#8221; button_block=&#8221;true&#8221; add_icon=&#8221;true&#8221; link=&#8221;url:https%3A%2F%2Flimoonhome.com%2Findex.php%2Furun-kategori%2Ftv-unitesi%2F&#8221;][\/vc_column][\/vc_row]<\/p>\n<\/div>","protected":false},"excerpt":{"rendered":"<p>[vc_row][vc_column][vc_btn title=&#8221;Koltuk Tak\u0131m\u0131&#8221; style=&#8221;outline-custom&#8221; align=&#8221;center&#8221; i_icon_fontawesome=&#8221;fa fa-solid fa-couch&#8221; css=&#8221;&#8221; button_block=&#8221;true&#8221; add_icon=&#8221;true&#8221; link=&#8221;url:https%3A%2F%2Flimoonhome.com%2Findex.php%2Furun-kategori%2Fkoltuk-takimi%2F&#8221;][\/vc_column][\/vc_row][vc_row][vc_column][vc_btn title=&#8221;Yatak Odas\u0131 tak\u0131mlar\u0131&#8221; style=&#8221;outline-custom&#8221; align=&#8221;center&#8221; i_icon_fontawesome=&#8221;fa fa-solid fa-bed&#8221;<\/p>\n","protected":false},"author":1,"featured_media":0,"parent":0,"menu_order":0,"comment_status":"closed","ping_status":"closed","template":"","meta":{"footnotes":""},"class_list":["post-5817","page","type-page","status-publish","hentry"],"_links":{"self":[{"href":"https:\/\/limoonhome.com\/index.php\/wp-json\/wp\/v2\/pages\/5817","targetHints":{"allow":["GET"]}}],"collection":[{"href":"https:\/\/limoonhome.com\/index.php\/wp-json\/wp\/v2\/pages"}],"about":[{"href":"https:\/\/limoonhome.com\/index.php\/wp-json\/wp\/v2\/types\/page"}],"author":[{"embeddable":true,"href":"https:\/\/limoonhome.com\/index.php\/wp-json\/wp\/v2\/users\/1"}],"replies":[{"embeddable":true,"href":"https:\/\/limoonhome.com\/index.php\/wp-json\/wp\/v2\/comments?post=5817"}],"version-history":[{"count":9,"href":"https:\/\/limoonhome.com\/index.php\/wp-json\/wp\/v2\/pages\/5817\/revisions"}],"predecessor-version":[{"id":5826,"href":"https:\/\/limoonhome.com\/index.php\/wp-json\/wp\/v2\/pages\/5817\/revisions\/5826"}],"wp:attachment":[{"href":"https:\/\/limoonhome.com\/index.php\/wp-json\/wp\/v2\/media?parent=5817"}],"curies":[{"name":"wp","href":"https:\/\/api.w.org\/{rel}","templated":true}]}}