{"id":5616,"date":"2026-02-24T08:17:38","date_gmt":"2026-02-24T08:17:38","guid":{"rendered":"https:\/\/limoonhome.com\/?post_type=product&#038;p=5616"},"modified":"2026-02-24T08:17:39","modified_gmt":"2026-02-24T08:17:39","slug":"prada-yatak-odasi-takimi","status":"publish","type":"product","link":"https:\/\/limoonhome.com\/index.php\/urun\/prada-yatak-odasi-takimi\/","title":{"rendered":"Prada Yatak Odas\u0131 Tak\u0131m\u0131"},"content":{"rendered":"","protected":false},"excerpt":{"rendered":"","protected":false},"featured_media":5622,"template":"","meta":[],"product_brand":[],"product_cat":[127],"product_tag":[],"class_list":{"0":"post-5616","1":"product","2":"type-product","3":"status-publish","4":"has-post-thumbnail","6":"product_cat-yatak-odasi-takimlari","8":"first","9":"instock","10":"shipping-taxable","11":"product-type-woosb"},"_links":{"self":[{"href":"https:\/\/limoonhome.com\/index.php\/wp-json\/wp\/v2\/product\/5616","targetHints":{"allow":["GET"]}}],"collection":[{"href":"https:\/\/limoonhome.com\/index.php\/wp-json\/wp\/v2\/product"}],"about":[{"href":"https:\/\/limoonhome.com\/index.php\/wp-json\/wp\/v2\/types\/product"}],"wp:featuredmedia":[{"embeddable":true,"href":"https:\/\/limoonhome.com\/index.php\/wp-json\/wp\/v2\/media\/5622"}],"wp:attachment":[{"href":"https:\/\/limoonhome.com\/index.php\/wp-json\/wp\/v2\/media?parent=5616"}],"wp:term":[{"taxonomy":"product_brand","embeddable":true,"href":"https:\/\/limoonhome.com\/index.php\/wp-json\/wp\/v2\/product_brand?post=5616"},{"taxonomy":"product_cat","embeddable":true,"href":"https:\/\/limoonhome.com\/index.php\/wp-json\/wp\/v2\/product_cat?post=5616"},{"taxonomy":"product_tag","embeddable":true,"href":"https:\/\/limoonhome.com\/index.php\/wp-json\/wp\/v2\/product_tag?post=5616"}],"curies":[{"name":"wp","href":"https:\/\/api.w.org\/{rel}","templated":true}]}}