{"id":5940,"date":"2026-03-18T14:29:19","date_gmt":"2026-03-18T14:29:19","guid":{"rendered":"https:\/\/limoonhome.com\/?post_type=product&#038;p=5940"},"modified":"2026-03-18T14:29:19","modified_gmt":"2026-03-18T14:29:19","slug":"defne-yatak-odasi-takimi","status":"publish","type":"product","link":"https:\/\/limoonhome.com\/index.php\/urun\/defne-yatak-odasi-takimi\/","title":{"rendered":"Defne Yatak Odas\u0131 Tak\u0131m\u0131"},"content":{"rendered":"","protected":false},"excerpt":{"rendered":"","protected":false},"featured_media":5946,"template":"","meta":[],"product_brand":[],"product_cat":[127],"product_tag":[],"class_list":{"0":"post-5940","1":"product","2":"type-product","3":"status-publish","4":"has-post-thumbnail","6":"product_cat-yatak-odasi-takimlari","8":"first","9":"instock","10":"shipping-taxable","11":"product-type-woosb"},"_links":{"self":[{"href":"https:\/\/limoonhome.com\/index.php\/wp-json\/wp\/v2\/product\/5940","targetHints":{"allow":["GET"]}}],"collection":[{"href":"https:\/\/limoonhome.com\/index.php\/wp-json\/wp\/v2\/product"}],"about":[{"href":"https:\/\/limoonhome.com\/index.php\/wp-json\/wp\/v2\/types\/product"}],"wp:featuredmedia":[{"embeddable":true,"href":"https:\/\/limoonhome.com\/index.php\/wp-json\/wp\/v2\/media\/5946"}],"wp:attachment":[{"href":"https:\/\/limoonhome.com\/index.php\/wp-json\/wp\/v2\/media?parent=5940"}],"wp:term":[{"taxonomy":"product_brand","embeddable":true,"href":"https:\/\/limoonhome.com\/index.php\/wp-json\/wp\/v2\/product_brand?post=5940"},{"taxonomy":"product_cat","embeddable":true,"href":"https:\/\/limoonhome.com\/index.php\/wp-json\/wp\/v2\/product_cat?post=5940"},{"taxonomy":"product_tag","embeddable":true,"href":"https:\/\/limoonhome.com\/index.php\/wp-json\/wp\/v2\/product_tag?post=5940"}],"curies":[{"name":"wp","href":"https:\/\/api.w.org\/{rel}","templated":true}]}}