{"id":6021,"date":"2026-03-18T15:50:59","date_gmt":"2026-03-18T15:50:59","guid":{"rendered":"https:\/\/limoonhome.com\/?post_type=product&#038;p=6021"},"modified":"2026-03-18T15:51:00","modified_gmt":"2026-03-18T15:51:00","slug":"caglayan-kose-koltuk","status":"publish","type":"product","link":"https:\/\/limoonhome.com\/index.php\/urun\/caglayan-kose-koltuk\/","title":{"rendered":"\u00c7a\u011flayan K\u00f6\u015fe Koltuk"},"content":{"rendered":"","protected":false},"excerpt":{"rendered":"","protected":false},"featured_media":6013,"template":"","meta":[],"product_brand":[],"product_cat":[128,148],"product_tag":[],"class_list":{"0":"post-6021","1":"product","2":"type-product","3":"status-publish","4":"has-post-thumbnail","6":"product_cat-kose-koltuk","7":"product_cat-kose-koltuk-kose-koltuk","9":"first","10":"instock","11":"shipping-taxable","12":"product-type-simple"},"_links":{"self":[{"href":"https:\/\/limoonhome.com\/index.php\/wp-json\/wp\/v2\/product\/6021","targetHints":{"allow":["GET"]}}],"collection":[{"href":"https:\/\/limoonhome.com\/index.php\/wp-json\/wp\/v2\/product"}],"about":[{"href":"https:\/\/limoonhome.com\/index.php\/wp-json\/wp\/v2\/types\/product"}],"wp:featuredmedia":[{"embeddable":true,"href":"https:\/\/limoonhome.com\/index.php\/wp-json\/wp\/v2\/media\/6013"}],"wp:attachment":[{"href":"https:\/\/limoonhome.com\/index.php\/wp-json\/wp\/v2\/media?parent=6021"}],"wp:term":[{"taxonomy":"product_brand","embeddable":true,"href":"https:\/\/limoonhome.com\/index.php\/wp-json\/wp\/v2\/product_brand?post=6021"},{"taxonomy":"product_cat","embeddable":true,"href":"https:\/\/limoonhome.com\/index.php\/wp-json\/wp\/v2\/product_cat?post=6021"},{"taxonomy":"product_tag","embeddable":true,"href":"https:\/\/limoonhome.com\/index.php\/wp-json\/wp\/v2\/product_tag?post=6021"}],"curies":[{"name":"wp","href":"https:\/\/api.w.org\/{rel}","templated":true}]}}